{"id":988168,"date":"2023-12-05T15:44:33","date_gmt":"2023-12-05T15:44:33","guid":{"rendered":"https:\/\/grupodurit.pt\/prototipo_nov2023\/?page_id=988168"},"modified":"2024-03-05T12:40:49","modified_gmt":"2024-03-05T12:40:49","slug":"terms-of-use","status":"publish","type":"page","link":"https:\/\/grupodurit.pt\/en\/termos-de-utilizacao\/","title":{"rendered":"Terms of Use"},"content":{"rendered":"<div data-elementor-type=\"wp-page\" data-elementor-id=\"988168\" class=\"elementor elementor-988168\" data-elementor-post-type=\"page\">\n\t\t\t\t\t\t<section class=\"elementor-section elementor-top-section elementor-element elementor-element-131db5f elementor-section-full_width elementor-section-content-middle elementor-section-height-default elementor-section-height-default\" data-id=\"131db5f\" data-element_type=\"section\" data-e-type=\"section\">\n\t\t\t\t\t\t<div class=\"elementor-container elementor-column-gap-no\">\n\t\t\t\t\t<div class=\"elementor-column elementor-col-100 elementor-top-column elementor-element elementor-element-8e0feea\" data-id=\"8e0feea\" data-element_type=\"column\" data-e-type=\"column\">\n\t\t\t<div class=\"elementor-widget-wrap elementor-element-populated\">\n\t\t\t\t\t\t<section class=\"elementor-section elementor-inner-section elementor-element elementor-element-30995f5 elementor-section-boxed elementor-section-height-default elementor-section-height-default\" data-id=\"30995f5\" data-element_type=\"section\" data-e-type=\"section\">\n\t\t\t\t\t\t<div class=\"elementor-container elementor-column-gap-no\">\n\t\t\t\t\t<div class=\"elementor-column elementor-col-100 elementor-inner-column elementor-element elementor-element-a2472e3\" data-id=\"a2472e3\" data-element_type=\"column\" data-e-type=\"column\">\n\t\t\t<div class=\"elementor-widget-wrap elementor-element-populated\">\n\t\t\t\t\t\t<div class=\"elementor-element elementor-element-a3d44ed elementor-widget elementor-widget-text-editor\" data-id=\"a3d44ed\" data-element_type=\"widget\" data-e-type=\"widget\" data-widget_type=\"text-editor.default\">\n\t\t\t\t<div class=\"elementor-widget-container\">\n\t\t\t\t\t\t\t\t\t<p>Obrigada por visitar a p\u00e1gina web de uma das empresas do <strong>GRUPO DURIT<\/strong> e por querer conhecer-nos melhor.<\/p><p>Os Termos de Utiliza\u00e7\u00e3o aplicam-se \u00e0s p\u00e1ginas web de todas as empresas que integram o <strong>GRUPO DURIT<\/strong><strong> \u2013 SGPS, S.A<\/strong>.<\/p><p>O <strong>GRUPO DURIT<\/strong> garante a corresponsabilidade pelo tratamento das informa\u00e7\u00f5es das empresas que o integram:<\/p><ul><li>GRUPO DURIT \u2013 SGPS, S.A<\/li><li>DURIT \u2013 Metalurgia Portuguesa do Tungst\u00e9nio, Lda.<\/li><li>DURIT Brasil, Lda.<\/li><li>DURITCAST, S.A.<\/li><li>TEandM \u2013 Tecnologia, Engenharia e Materiais, S.A. &#8211; (propriet\u00e1ria da marca DURIT COATINGS)<\/li><li>DUROMIN \u2013 Equipamentos para Minas, Pedreiras e Obras P\u00fablicas, Lda.<\/li><li>HELITENE \u2013 Ind\u00fastria de Pl\u00e1sticos, Lda.<\/li><li>MOLDIT \u2013 Ind\u00fastria de Moldes, S.A.<\/li><li>VITRICER \u2013 Revestimentos Cer\u00e2micos, Lda.<\/li><\/ul><p>O <strong>GRUPO DURIT<\/strong> determina as pol\u00edticas transversais e aplic\u00e1veis em todas as empresas identificadas para os fins e os meios de tratamento dos dados pessoais do utilizador e subscreve um acordo em que se regulam as fun\u00e7\u00f5es e responsabilidades que s\u00e3o exigidas para cumprimento da legisla\u00e7\u00e3o sobre prote\u00e7\u00e3o de dados aplic\u00e1vel.<\/p><p>Para contactar as sociedades acima identificadas para qualquer quest\u00e3o relacionada com os Termos e Condi\u00e7\u00f5es aqui descritos, o utilizador poder\u00e1 entrar em contacto para o e-mail <a href=\"mailto:dpo@grupodurit.pt\">dpo@grupodurit.pt<\/a>.<\/p>\t\t\t\t\t\t\t\t<\/div>\n\t\t\t\t<\/div>\n\t\t\t\t<div class=\"elementor-element elementor-element-6f5f177 elementor-widget elementor-widget-heading\" data-id=\"6f5f177\" data-element_type=\"widget\" data-e-type=\"widget\" data-widget_type=\"heading.default\">\n\t\t\t\t<div class=\"elementor-widget-container\">\n\t\t\t\t\t<h3 class=\"elementor-heading-title elementor-size-default\">Marcas Registadas\n<\/h3>\t\t\t\t<\/div>\n\t\t\t\t<\/div>\n\t\t\t\t<div class=\"elementor-element elementor-element-441a6ee elementor-widget elementor-widget-text-editor\" data-id=\"441a6ee\" data-element_type=\"widget\" data-e-type=\"widget\" data-widget_type=\"text-editor.default\">\n\t\t\t\t<div class=\"elementor-widget-container\">\n\t\t\t\t\t\t\t\t\t<p>Todas as marcas registadas (nomes de marca, logotipos, embalagens) presentes nas p\u00e1ginas web do <strong>GRUPO DURIT<\/strong> s\u00e3o propriedade ou utilizadas sob licen\u00e7a pela GRUPO DURIT \u2013 SGPS, SA ou por outra empresas do Grupo.<\/p><p>Nenhum conte\u00fado destas p\u00e1ginas web pode ser interpretado no sentido de concess\u00e3o de uma licen\u00e7a, autoriza\u00e7\u00e3o ou direito para usar qualquer marca registada a\u00ed mencionada. O uso ou utiliza\u00e7\u00e3o incorreta ou abusiva das marcas registadas ou de quaisquer outros conte\u00fados destas p\u00e1ginas web s\u00e3o expressamente proibidos. O <strong>GRUPO DURIT<\/strong> utilizar\u00e1 todos os mecanismos legais para proteger e refor\u00e7ar os seus direitos de propriedade intelectual.<\/p>\t\t\t\t\t\t\t\t<\/div>\n\t\t\t\t<\/div>\n\t\t\t\t<div class=\"elementor-element elementor-element-84aa354 elementor-widget elementor-widget-heading\" data-id=\"84aa354\" data-element_type=\"widget\" data-e-type=\"widget\" data-widget_type=\"heading.default\">\n\t\t\t\t<div class=\"elementor-widget-container\">\n\t\t\t\t\t<h3 class=\"elementor-heading-title elementor-size-default\">Conte\u00fado do Site<\/h3>\t\t\t\t<\/div>\n\t\t\t\t<\/div>\n\t\t\t\t<div class=\"elementor-element elementor-element-dc6154f elementor-widget elementor-widget-text-editor\" data-id=\"dc6154f\" data-element_type=\"widget\" data-e-type=\"widget\" data-widget_type=\"text-editor.default\">\n\t\t\t\t<div class=\"elementor-widget-container\">\n\t\t\t\t\t\t\t\t\t<p>A informa\u00e7\u00e3o presente nestas p\u00e1ginas web foi inclu\u00edda de boa f\u00e9 e serve exclusivamente para informa\u00e7\u00e3o geral.<\/p><p>\u00a0<\/p><p>Ainda que sejam usados todos os meios para assegurar a exatid\u00e3o e atualiza\u00e7\u00e3o da informa\u00e7\u00e3o destas p\u00e1ginas web, o <strong>GRUPO DURIT<\/strong> n\u00e3o assume, em caso algum, qualquer responsabilidade se a informa\u00e7\u00e3o disponibilizada n\u00e3o \u00e9 exata ou completa e reserva-se o direito para realizar altera\u00e7\u00f5es e corre\u00e7\u00f5es nas p\u00e1ginas web quando considerar apropriado e sem pr\u00e9-aviso.<\/p><p>\u00a0<\/p><p>As p\u00e1ginas web do <strong>GRUPO DURIT<\/strong> est\u00e3o protegidos por copyright. Todo o copyright ou outros direitos de propriedade intelectual presentes no texto, imagens, som, software e outros conte\u00fados das p\u00e1ginas web s\u00e3o propriedade do <strong>GRUPO DURIT<\/strong>. \u00c9 permitida a pesquisa nas p\u00e1ginas web do <strong>GRUPO DURIT<\/strong> e a reprodu\u00e7\u00e3o de excertos atrav\u00e9s de impress\u00e3o, download para o disco ou distribui\u00e7\u00e3o para outras pessoas, mas em todos os casos para fins n\u00e3o comerciais. Esta situa\u00e7\u00e3o \u00e9 apenas permitida sob a condi\u00e7\u00e3o de respeitar os direitos de autor e outros direitos intelectuais e desde que seja efetuada uma men\u00e7\u00e3o \u00e0 marca acima descrita nessas reprodu\u00e7\u00f5es. Apenas \u00e9 permitido o uso dos conte\u00fados das p\u00e1ginas webs para utiliza\u00e7\u00e3o pessoal. Nenhuma parte das p\u00e1ginas webs poder\u00e1 ser reproduzida para ser vendida ou distribu\u00edda para ganhos comerciais nem poder\u00e1 ser modificada ou incorporada em qualquer outro trabalho, publica\u00e7\u00e3o ou p\u00e1ginas web, tanto no formato eletr\u00f3nico como transfer\u00eancia para quaisquer outras p\u00e1ginas web. Nenhuma outra licen\u00e7a ou direitos relacionados com as p\u00e1ginas webs do <strong>GRUPO DURIT<\/strong> s\u00e3o concedidos.<\/p><p style=\"font-weight: 400;\">O <strong>GRUPO DURIT<\/strong> e os seus colaboradores n\u00e3o poder\u00e3o ser respons\u00e1veis por qualquer perda, dano ou despesa (incluindo qualquer perda de lucro, indireta, acidental ou consequencial perda) que advenham da utiliza\u00e7\u00e3o o+&#8217;+&#8217; acesso a estas p\u00e1ginas web.<\/p>\t\t\t\t\t\t\t\t<\/div>\n\t\t\t\t<\/div>\n\t\t\t\t<div class=\"elementor-element elementor-element-e6d12eb elementor-widget elementor-widget-heading\" data-id=\"e6d12eb\" data-element_type=\"widget\" data-e-type=\"widget\" data-widget_type=\"heading.default\">\n\t\t\t\t<div class=\"elementor-widget-container\">\n\t\t\t\t\t<h3 class=\"elementor-heading-title elementor-size-default\">Sites Relacionados<\/h3>\t\t\t\t<\/div>\n\t\t\t\t<\/div>\n\t\t\t\t<div class=\"elementor-element elementor-element-2b74aed elementor-widget elementor-widget-text-editor\" data-id=\"2b74aed\" data-element_type=\"widget\" data-e-type=\"widget\" data-widget_type=\"text-editor.default\">\n\t\t\t\t<div class=\"elementor-widget-container\">\n\t\t\t\t\t\t\t\t\t<p>As p\u00e1ginas web do <strong>GRUPO DURIT<\/strong> cont\u00e9m hyperlinks ou links que d\u00e3o a possibilidade de acesso a outros p\u00e1ginas web na internet que s\u00e3o da propriedade e gest\u00e3o de terceiros. O <strong>GRUPO DURIT<\/strong> apenas oferece a possibilidade de aceder a essas p\u00e1ginas web, contudo nem o <strong>GRUPO DURIT<\/strong>, nem qualquer membro do Grupo, seus empregados ou agentes t\u00eam qualquer responsabilidade nestas p\u00e1ginas web ou em qualquer informa\u00e7\u00e3o contida neles, nem pelas modifica\u00e7\u00f5es que sejam efetuadas em p\u00e1ginas web pertencentes a terceiros.<\/p>\t\t\t\t\t\t\t\t<\/div>\n\t\t\t\t<\/div>\n\t\t\t\t<div class=\"elementor-element elementor-element-8d64f6a elementor-widget elementor-widget-heading\" data-id=\"8d64f6a\" data-element_type=\"widget\" data-e-type=\"widget\" data-widget_type=\"heading.default\">\n\t\t\t\t<div class=\"elementor-widget-container\">\n\t\t\t\t\t<h3 class=\"elementor-heading-title elementor-size-default\">Transmiss\u00e3o de Dados<\/h3>\t\t\t\t<\/div>\n\t\t\t\t<\/div>\n\t\t\t\t<div class=\"elementor-element elementor-element-5240c46 elementor-widget elementor-widget-text-editor\" data-id=\"5240c46\" data-element_type=\"widget\" data-e-type=\"widget\" data-widget_type=\"text-editor.default\">\n\t\t\t\t<div class=\"elementor-widget-container\">\n\t\t\t\t\t\t\t\t\t<p>Qualquer conte\u00fado ou comunica\u00e7\u00e3o de dados n\u00e3o pessoais que sejam enviados a estas p\u00e1ginas web atrav\u00e9s de correio eletr\u00f3nico ou qualquer outro meio, contendo dados, quest\u00f5es, coment\u00e1rios, sugest\u00f5es ou similares, ser\u00e3o tratados como dados n\u00e3o confidenciais e sem direitos de propriedade.<\/p><p>Toda e qualquer informa\u00e7\u00e3o que nos envie ou que coloque nas nossas p\u00e1ginas web torna-se propriedade do <strong>GRUPO DURIT<\/strong> e poder\u00e1 ser usada em qualquer circunst\u00e2ncia.<\/p>\t\t\t\t\t\t\t\t<\/div>\n\t\t\t\t<\/div>\n\t\t\t\t<div class=\"elementor-element elementor-element-3c16182 elementor-widget elementor-widget-heading\" data-id=\"3c16182\" data-element_type=\"widget\" data-e-type=\"widget\" data-widget_type=\"heading.default\">\n\t\t\t\t<div class=\"elementor-widget-container\">\n\t\t\t\t\t<h3 class=\"elementor-heading-title elementor-size-default\">Garantias e Ren\u00fancia de Responsabilidade<\/h3>\t\t\t\t<\/div>\n\t\t\t\t<\/div>\n\t\t\t\t<div class=\"elementor-element elementor-element-f2c17fe elementor-widget elementor-widget-text-editor\" data-id=\"f2c17fe\" data-element_type=\"widget\" data-e-type=\"widget\" data-widget_type=\"text-editor.default\">\n\t\t\t\t<div class=\"elementor-widget-container\">\n\t\t\t\t\t\t\t\t\t<p>A forma como utiliza estas p\u00e1ginas web e os conte\u00fados neles presentes \u00e9 exclusivamente da sua responsabilidade e risco.<\/p>\t\t\t\t\t\t\t\t<\/div>\n\t\t\t\t<\/div>\n\t\t\t\t<div class=\"elementor-element elementor-element-c918f72 elementor-widget elementor-widget-heading\" data-id=\"c918f72\" data-element_type=\"widget\" data-e-type=\"widget\" data-widget_type=\"heading.default\">\n\t\t\t\t<div class=\"elementor-widget-container\">\n\t\t\t\t\t<h3 class=\"elementor-heading-title elementor-size-default\">Responsabilidade<\/h3>\t\t\t\t<\/div>\n\t\t\t\t<\/div>\n\t\t\t\t<div class=\"elementor-element elementor-element-aad35af elementor-widget elementor-widget-text-editor\" data-id=\"aad35af\" data-element_type=\"widget\" data-e-type=\"widget\" data-widget_type=\"text-editor.default\">\n\t\t\t\t<div class=\"elementor-widget-container\">\n\t\t\t\t\t\t\t\t\t<p>Com a m\u00e1xima amplitude permitida pela legisla\u00e7\u00e3o aplic\u00e1vel, o usu\u00e1rio declara renunciar expressamente \u00e0 apresenta\u00e7\u00e3o de qualquer reclama\u00e7\u00e3o contra o <strong>GRUPO DURIT<\/strong> e seus respons\u00e1veis e colaboradores que possa resultar do uso ou acesso a estas p\u00e1ginas web.<\/p>\t\t\t\t\t\t\t\t<\/div>\n\t\t\t\t<\/div>\n\t\t\t\t<div class=\"elementor-element elementor-element-f51306a elementor-widget elementor-widget-heading\" data-id=\"f51306a\" data-element_type=\"widget\" data-e-type=\"widget\" data-widget_type=\"heading.default\">\n\t\t\t\t<div class=\"elementor-widget-container\">\n\t\t\t\t\t<h3 class=\"elementor-heading-title elementor-size-default\">Atividades Proibidas<\/h3>\t\t\t\t<\/div>\n\t\t\t\t<\/div>\n\t\t\t\t<div class=\"elementor-element elementor-element-b8b9815 elementor-widget elementor-widget-text-editor\" data-id=\"b8b9815\" data-element_type=\"widget\" data-e-type=\"widget\" data-widget_type=\"text-editor.default\">\n\t\t\t\t<div class=\"elementor-widget-container\">\n\t\t\t\t\t\t\t\t\t<p>Est\u00e3o proibidas quaisquer atividades que sejam consideradas pelo <strong>GRUPO DURIT<\/strong> como inapropriadas e\/ou que sejam suscet\u00edveis de serem ilegais de acordo com a legisla\u00e7\u00e3o aplic\u00e1vel a estas p\u00e1ginas web, incluindo, mas n\u00e3o limitado a:<\/p><ul><li>Qualquer ato que possa constituir uma viola\u00e7\u00e3o da privacidade (incluindo o envio para estas p\u00e1ginas web de informa\u00e7\u00f5es privadas sem o consentimento da pessoa afetada) ou de quaisquer outros direitos legais das pessoas f\u00edsicas;<\/li><li>Usar estas p\u00e1ginas web para difamar e\/ou injuriar o <strong>GRUPO DURIT<\/strong> os seus colaboradores, ou outras pessoas f\u00edsicas e\/ou coletivas, ou atuar de forma a desacreditar a reputa\u00e7\u00e3o do <strong>GRUPO DURIT;<\/strong><\/li><li>Enviar para estas p\u00e1ginas web ficheiros que contenham v\u00edrus que possam causar danos \u00e0 propriedade do <strong>GRUPO DURIT<\/strong> ou \u00e0 propriedade de pessoas f\u00edsicas;<\/li><li>Colocar ou transmitir para estas p\u00e1ginas web qualquer conte\u00fado n\u00e3o autorizado, incluindo, mas n\u00e3o limitado a conte\u00fados que provavelmente causem danos ou preju\u00edzos ou, ainda, que violem os sistemas de seguran\u00e7a da rede do <strong>GRUPO DURIT<\/strong> ou de terceiras pessoas, conte\u00fados que sejam difamat\u00f3rios, racistas, obscenos, amea\u00e7adores, de conte\u00fado pornogr\u00e1fico ou que se apresentem com conte\u00fados suscet\u00edveis de serem qualificados como il\u00edcitos em geral.<\/li><\/ul>\t\t\t\t\t\t\t\t<\/div>\n\t\t\t\t<\/div>\n\t\t\t\t<div class=\"elementor-element elementor-element-bab359e elementor-widget elementor-widget-heading\" data-id=\"bab359e\" data-element_type=\"widget\" data-e-type=\"widget\" data-widget_type=\"heading.default\">\n\t\t\t\t<div class=\"elementor-widget-container\">\n\t\t\t\t\t<h3 class=\"elementor-heading-title elementor-size-default\">Cookie Policy<\/h3>\t\t\t\t<\/div>\n\t\t\t\t<\/div>\n\t\t\t\t<div class=\"elementor-element elementor-element-5a533af elementor-widget elementor-widget-text-editor\" data-id=\"5a533af\" data-element_type=\"widget\" data-e-type=\"widget\" data-widget_type=\"text-editor.default\">\n\t\t\t\t<div class=\"elementor-widget-container\">\n\t\t\t\t\t\t\t\t\t<p style=\"font-weight: 400;\"><span lang=\"PT\" style=\"color: #000000; font-style: normal; font-variant-ligatures: normal; font-variant-caps: normal; font-weight: 400; font-size: 12pt; line-height: 17.12px; font-family: Calibri, sans-serif;\"><a href=\"https:\/\/grupodurit.pt\/en\/politica-de-cookies\/\">Cookie Policy<\/a>Nas p\u00e1ginas web institucionais do <b>GRUPO DURIT<\/b> temos ativadas cookies com objetivos de melhorar a experi\u00eancia de utiliza\u00e7\u00e3o e de recolha de estat\u00edsticas (n\u00e3o s\u00e3o passados dados pessoais em nenhum dos casos). Estas cookies funcionam de acordo com a Pol\u00edtica de Privacidade em vigor e podem ser consultadas aqui.<\/span><\/p>\t\t\t\t\t\t\t\t<\/div>\n\t\t\t\t<\/div>\n\t\t\t\t<div class=\"elementor-element elementor-element-bf0611e elementor-widget elementor-widget-heading\" data-id=\"bf0611e\" data-element_type=\"widget\" data-e-type=\"widget\" data-widget_type=\"heading.default\">\n\t\t\t\t<div class=\"elementor-widget-container\">\n\t\t\t\t\t<h3 class=\"elementor-heading-title elementor-size-default\">Pol\u00edtica de Privacidade e Dados Pessoais<\/h3>\t\t\t\t<\/div>\n\t\t\t\t<\/div>\n\t\t\t\t<div class=\"elementor-element elementor-element-fcdacad elementor-widget elementor-widget-text-editor\" data-id=\"fcdacad\" data-element_type=\"widget\" data-e-type=\"widget\" data-widget_type=\"text-editor.default\">\n\t\t\t\t<div class=\"elementor-widget-container\">\n\t\t\t\t\t\t\t\t\t<p>O <strong>GRUPO DURIT<\/strong> enquanto entidade respons\u00e1vel pelo tratamento de dados pessoais adota as condutas e implementa os mecanismos que sejam necess\u00e1rios para assegurar o estrito cumprimento da legisla\u00e7\u00e3o relativa aos dados pessoais que esteja, a todo o momento, em vigor, relativo \u00e0 prote\u00e7\u00e3o das pessoas singulares no que diz respeito ao tratamento de dados pessoais e \u00e0 livre circula\u00e7\u00e3o desses dados.<\/p><p><br \/>Para esse efeito, o <strong>GRUPO DURIT<\/strong> aprova e implementa uma Pol\u00edtica de Privacidade (dispon\u00edvel <a href=\"https:\/\/grupodurit.pt\/en\/privacy-policy\/\"><u>aqui<\/u><\/a>), que faz parte integrante dos Termos de Utiliza\u00e7\u00e3o e dota estas p\u00e1ginas web das funcionalidades necess\u00e1rias ao exerc\u00edcio dos direitos do utilizador, enquanto titular de dados pessoais, bem como implementa mecanismos de seguran\u00e7a que protejam os referidos dados pessoais contra intromiss\u00f5es il\u00edcitas e acessos indevidos.<\/p>\t\t\t\t\t\t\t\t<\/div>\n\t\t\t\t<\/div>\n\t\t\t\t<div class=\"elementor-element elementor-element-bc95078 elementor-widget elementor-widget-heading\" data-id=\"bc95078\" data-element_type=\"widget\" data-e-type=\"widget\" data-widget_type=\"heading.default\">\n\t\t\t\t<div class=\"elementor-widget-container\">\n\t\t\t\t\t<h3 class=\"elementor-heading-title elementor-size-default\">Jurisdi\u00e7\u00e3o e Legisla\u00e7\u00e3o Aplic\u00e1vel<\/h3>\t\t\t\t<\/div>\n\t\t\t\t<\/div>\n\t\t\t\t<div class=\"elementor-element elementor-element-1d55be3 elementor-widget elementor-widget-text-editor\" data-id=\"1d55be3\" data-element_type=\"widget\" data-e-type=\"widget\" data-widget_type=\"text-editor.default\">\n\t\t\t\t<div class=\"elementor-widget-container\">\n\t\t\t\t\t\t\t\t\t<p>O usu\u00e1rio destas p\u00e1ginas web e o <strong>GRUPO DURIT<\/strong> aceitam sem reservas que qualquer diferendo ou lit\u00edgio resultante do uso destas p\u00e1ginas web ser\u00e1 regido pela lei portuguesa, convencionando-se como competente, com expressa ren\u00fancia a qualquer outro, o foro da comarca de Aveiro, Portugal.<\/p>\t\t\t\t\t\t\t\t<\/div>\n\t\t\t\t<\/div>\n\t\t\t\t\t<\/div>\n\t\t<\/div>\n\t\t\t\t\t<\/div>\n\t\t<\/section>\n\t\t\t\t\t<\/div>\n\t\t<\/div>\n\t\t\t\t\t<\/div>\n\t\t<\/section>\n\t\t\t\t<\/div>","protected":false},"excerpt":{"rendered":"<p>Rules for a reliable experience<\/p>","protected":false},"author":1,"featured_media":0,"parent":0,"menu_order":0,"comment_status":"closed","ping_status":"closed","template":"","meta":{"_acf_changed":false,"footnotes":""},"class_list":["post-988168","page","type-page","status-publish","hentry"],"acf":[],"yoast_head":"<!-- This site is optimized with the Yoast SEO plugin v27.0 - https:\/\/yoast.com\/product\/yoast-seo-wordpress\/ -->\n<title>Termos de Utiliza\u00e7\u00e3o - GRUPODURIT SGPS<\/title>\n<meta name=\"robots\" content=\"index, follow, max-snippet:-1, max-image-preview:large, max-video-preview:-1\" \/>\n<link rel=\"canonical\" href=\"https:\/\/grupodurit.pt\/en\/terms-of-use\/\" \/>\n<meta property=\"og:locale\" content=\"en_GB\" \/>\n<meta property=\"og:type\" content=\"article\" \/>\n<meta property=\"og:title\" content=\"Termos de Utiliza\u00e7\u00e3o - GRUPODURIT SGPS\" \/>\n<meta property=\"og:description\" content=\"Regras para uma experi\u00eancia confi\u00e1vel\" \/>\n<meta property=\"og:url\" content=\"https:\/\/grupodurit.pt\/en\/terms-of-use\/\" \/>\n<meta property=\"og:site_name\" content=\"GRUPODURIT SGPS\" \/>\n<meta property=\"article:modified_time\" content=\"2024-03-05T12:40:49+00:00\" \/>\n<meta name=\"twitter:card\" content=\"summary_large_image\" \/>\n<meta name=\"twitter:label1\" content=\"Estimated reading time\" \/>\n\t<meta name=\"twitter:data1\" content=\"7 minutes\" \/>\n<script type=\"application\/ld+json\" class=\"yoast-schema-graph\">{\"@context\":\"https:\/\/schema.org\",\"@graph\":[{\"@type\":\"WebPage\",\"@id\":\"https:\/\/grupodurit.pt\/termos-de-utilizacao\/\",\"url\":\"https:\/\/grupodurit.pt\/termos-de-utilizacao\/\",\"name\":\"Termos de Utiliza\u00e7\u00e3o - GRUPODURIT SGPS\",\"isPartOf\":{\"@id\":\"https:\/\/grupodurit.pt\/#website\"},\"datePublished\":\"2023-12-05T15:44:33+00:00\",\"dateModified\":\"2024-03-05T12:40:49+00:00\",\"breadcrumb\":{\"@id\":\"https:\/\/grupodurit.pt\/termos-de-utilizacao\/#breadcrumb\"},\"inLanguage\":\"en-GB\",\"potentialAction\":[{\"@type\":\"ReadAction\",\"target\":[\"https:\/\/grupodurit.pt\/termos-de-utilizacao\/\"]}]},{\"@type\":\"BreadcrumbList\",\"@id\":\"https:\/\/grupodurit.pt\/termos-de-utilizacao\/#breadcrumb\",\"itemListElement\":[{\"@type\":\"ListItem\",\"position\":1,\"name\":\"Home\",\"item\":\"https:\/\/grupodurit.pt\/\"},{\"@type\":\"ListItem\",\"position\":2,\"name\":\"Termos de Utiliza\u00e7\u00e3o\"}]},{\"@type\":\"WebSite\",\"@id\":\"https:\/\/grupodurit.pt\/#website\",\"url\":\"https:\/\/grupodurit.pt\/\",\"name\":\"GRUPODURIT SGPS\",\"description\":\"\",\"publisher\":{\"@id\":\"https:\/\/grupodurit.pt\/#organization\"},\"potentialAction\":[{\"@type\":\"SearchAction\",\"target\":{\"@type\":\"EntryPoint\",\"urlTemplate\":\"https:\/\/grupodurit.pt\/?s={search_term_string}\"},\"query-input\":{\"@type\":\"PropertyValueSpecification\",\"valueRequired\":true,\"valueName\":\"search_term_string\"}}],\"inLanguage\":\"en-GB\"},{\"@type\":\"Organization\",\"@id\":\"https:\/\/grupodurit.pt\/#organization\",\"name\":\"GRUPODURIT SGPS\",\"url\":\"https:\/\/grupodurit.pt\/\",\"logo\":{\"@type\":\"ImageObject\",\"inLanguage\":\"en-GB\",\"@id\":\"https:\/\/grupodurit.pt\/#\/schema\/logo\/image\/\",\"url\":\"https:\/\/grupodurit.pt\/wp-content\/uploads\/2023\/06\/logo_gdurit.png\",\"contentUrl\":\"https:\/\/grupodurit.pt\/wp-content\/uploads\/2023\/06\/logo_gdurit.png\",\"width\":486,\"height\":88,\"caption\":\"GRUPODURIT SGPS\"},\"image\":{\"@id\":\"https:\/\/grupodurit.pt\/#\/schema\/logo\/image\/\"}}]}<\/script>\n<!-- \/ Yoast SEO plugin. -->","yoast_head_json":{"title":"Terms of Use - GRUPODURIT SGPS","robots":{"index":"index","follow":"follow","max-snippet":"max-snippet:-1","max-image-preview":"max-image-preview:large","max-video-preview":"max-video-preview:-1"},"canonical":"https:\/\/grupodurit.pt\/en\/terms-of-use\/","og_locale":"en_GB","og_type":"article","og_title":"Termos de Utiliza\u00e7\u00e3o - GRUPODURIT SGPS","og_description":"Regras para uma experi\u00eancia confi\u00e1vel","og_url":"https:\/\/grupodurit.pt\/en\/terms-of-use\/","og_site_name":"GRUPODURIT SGPS","article_modified_time":"2024-03-05T12:40:49+00:00","twitter_card":"summary_large_image","twitter_misc":{"Estimated reading time":"7 minutes"},"schema":{"@context":"https:\/\/schema.org","@graph":[{"@type":"WebPage","@id":"https:\/\/grupodurit.pt\/termos-de-utilizacao\/","url":"https:\/\/grupodurit.pt\/termos-de-utilizacao\/","name":"Terms of Use - GRUPODURIT SGPS","isPartOf":{"@id":"https:\/\/grupodurit.pt\/#website"},"datePublished":"2023-12-05T15:44:33+00:00","dateModified":"2024-03-05T12:40:49+00:00","breadcrumb":{"@id":"https:\/\/grupodurit.pt\/termos-de-utilizacao\/#breadcrumb"},"inLanguage":"en-GB","potentialAction":[{"@type":"ReadAction","target":["https:\/\/grupodurit.pt\/termos-de-utilizacao\/"]}]},{"@type":"BreadcrumbList","@id":"https:\/\/grupodurit.pt\/termos-de-utilizacao\/#breadcrumb","itemListElement":[{"@type":"ListItem","position":1,"name":"Home","item":"https:\/\/grupodurit.pt\/"},{"@type":"ListItem","position":2,"name":"Termos de Utiliza\u00e7\u00e3o"}]},{"@type":"WebSite","@id":"https:\/\/grupodurit.pt\/#website","url":"https:\/\/grupodurit.pt\/","name":"GRUPODURIT SGPS","description":"","publisher":{"@id":"https:\/\/grupodurit.pt\/#organization"},"potentialAction":[{"@type":"SearchAction","target":{"@type":"EntryPoint","urlTemplate":"https:\/\/grupodurit.pt\/?s={search_term_string}"},"query-input":{"@type":"PropertyValueSpecification","valueRequired":true,"valueName":"search_term_string"}}],"inLanguage":"en-GB"},{"@type":"Organization","@id":"https:\/\/grupodurit.pt\/#organization","name":"GRUPODURIT SGPS","url":"https:\/\/grupodurit.pt\/","logo":{"@type":"ImageObject","inLanguage":"en-GB","@id":"https:\/\/grupodurit.pt\/#\/schema\/logo\/image\/","url":"https:\/\/grupodurit.pt\/wp-content\/uploads\/2023\/06\/logo_gdurit.png","contentUrl":"https:\/\/grupodurit.pt\/wp-content\/uploads\/2023\/06\/logo_gdurit.png","width":486,"height":88,"caption":"GRUPODURIT SGPS"},"image":{"@id":"https:\/\/grupodurit.pt\/#\/schema\/logo\/image\/"}}]}},"_links":{"self":[{"href":"https:\/\/grupodurit.pt\/en\/wp-json\/wp\/v2\/pages\/988168","targetHints":{"allow":["GET"]}}],"collection":[{"href":"https:\/\/grupodurit.pt\/en\/wp-json\/wp\/v2\/pages"}],"about":[{"href":"https:\/\/grupodurit.pt\/en\/wp-json\/wp\/v2\/types\/page"}],"author":[{"embeddable":true,"href":"https:\/\/grupodurit.pt\/en\/wp-json\/wp\/v2\/users\/1"}],"replies":[{"embeddable":true,"href":"https:\/\/grupodurit.pt\/en\/wp-json\/wp\/v2\/comments?post=988168"}],"version-history":[{"count":3,"href":"https:\/\/grupodurit.pt\/en\/wp-json\/wp\/v2\/pages\/988168\/revisions"}],"predecessor-version":[{"id":988928,"href":"https:\/\/grupodurit.pt\/en\/wp-json\/wp\/v2\/pages\/988168\/revisions\/988928"}],"wp:attachment":[{"href":"https:\/\/grupodurit.pt\/en\/wp-json\/wp\/v2\/media?parent=988168"}],"curies":[{"name":"wp","href":"https:\/\/api.w.org\/{rel}","templated":true}]}}