{"id":988167,"date":"2023-12-05T15:41:07","date_gmt":"2023-12-05T15:41:07","guid":{"rendered":"https:\/\/grupodurit.pt\/prototipo_nov2023\/?page_id=988167"},"modified":"2024-03-08T17:31:16","modified_gmt":"2024-03-08T17:31:16","slug":"politica-de-cookies","status":"publish","type":"page","link":"https:\/\/grupodurit.pt\/en\/politica-de-cookies\/","title":{"rendered":"Cookie Policy"},"content":{"rendered":"<div data-elementor-type=\"wp-page\" data-elementor-id=\"988167\" class=\"elementor elementor-988167\" data-elementor-post-type=\"page\">\n\t\t\t\t\t\t<section class=\"elementor-section elementor-top-section elementor-element elementor-element-131db5f elementor-section-full_width elementor-section-content-middle elementor-section-height-default elementor-section-height-default\" data-id=\"131db5f\" data-element_type=\"section\" data-e-type=\"section\">\n\t\t\t\t\t\t<div class=\"elementor-container elementor-column-gap-no\">\n\t\t\t\t\t<div class=\"elementor-column elementor-col-100 elementor-top-column elementor-element elementor-element-8e0feea\" data-id=\"8e0feea\" data-element_type=\"column\" data-e-type=\"column\">\n\t\t\t<div class=\"elementor-widget-wrap elementor-element-populated\">\n\t\t\t\t\t\t<section class=\"elementor-section elementor-inner-section elementor-element elementor-element-30995f5 elementor-section-boxed elementor-section-height-default elementor-section-height-default\" data-id=\"30995f5\" data-element_type=\"section\" data-e-type=\"section\">\n\t\t\t\t\t\t<div class=\"elementor-container elementor-column-gap-no\">\n\t\t\t\t\t<div class=\"elementor-column elementor-col-100 elementor-inner-column elementor-element elementor-element-a2472e3\" data-id=\"a2472e3\" data-element_type=\"column\" data-e-type=\"column\">\n\t\t\t<div class=\"elementor-widget-wrap elementor-element-populated\">\n\t\t\t\t\t\t<div class=\"elementor-element elementor-element-7c7b31a elementor-widget elementor-widget-text-editor\" data-id=\"7c7b31a\" data-element_type=\"widget\" data-e-type=\"widget\" data-widget_type=\"text-editor.default\">\n\t\t\t\t<div class=\"elementor-widget-container\">\n\t\t\t\t\t\t\t\t\t<div class=\"page\" title=\"Page 1\">\n<div class=\"layoutArea\">\n<div class=\"column\">\n<p>A Pol\u00edtica de Cookies aplica-se \u00e0s p\u00e1ginas web de todas as empresas que integram o <strong>GRUPO DURIT<\/strong><strong> \u2013 SGPS, S.A<\/strong>. As p\u00e1ginas web do <strong>GRUPO DURIT<\/strong> utilizam cookies para melhorar o seu desempenho e a experi\u00eancia do utilizador.<\/p><p><span style=\"background-color: var( --e-global-color-vamtam_accent_5 ); color: var( --e-global-color-vamtam_accent_6 ); letter-spacing: var( --e-global-typography-vamtam_primary_font-letter-spacing ); text-transform: var( --e-global-typography-vamtam_primary_font-text-transform ); word-spacing: var( --e-global-typography-vamtam_primary_font-word-spacing );\">O <\/span><strong style=\"background-color: var( --e-global-color-vamtam_accent_5 ); color: var( --e-global-color-vamtam_accent_6 ); letter-spacing: var( --e-global-typography-vamtam_primary_font-letter-spacing ); text-transform: var( --e-global-typography-vamtam_primary_font-text-transform ); word-spacing: var( --e-global-typography-vamtam_primary_font-word-spacing );\">GRUPO DURIT<\/strong><span style=\"background-color: var( --e-global-color-vamtam_accent_5 ); color: var( --e-global-color-vamtam_accent_6 ); letter-spacing: var( --e-global-typography-vamtam_primary_font-letter-spacing ); text-transform: var( --e-global-typography-vamtam_primary_font-text-transform ); word-spacing: var( --e-global-typography-vamtam_primary_font-word-spacing );\"> garante a corresponsabilidade pelo tratamento das informa\u00e7\u00f5es das empresas que o integram:<\/span><\/p>\n<ul>\n<li>GRUPO DURIT \u2013 SGPS, S.A<\/li>\n<li>DURIT \u2013 Metalurgia Portuguesa do Tungst\u00e9nio, Lda.<\/li>\n<li>DURIT Brasil, Lda.<\/li>\n<li>DURITCAST, S.A.<\/li>\n<li>TEandM \u2013 Tecnologia, Engenharia e Materiais, S.A. &#8211; (propriet\u00e1ria da marca DURIT COATINGS)<\/li>\n<li>DUROMIN \u2013 Equipamentos para Minas, Pedreiras e Obras P\u00fablicas, Lda.<\/li>\n<li>HELITENE \u2013 Ind\u00fastria de Pl\u00e1sticos, Lda.<\/li>\n<li>MOLDIT \u2013 Ind\u00fastria de Moldes, S.A.<\/li>\n<li>VITRICER \u2013 Revestimentos Cer\u00e2micos, Lda.<\/li>\n<\/ul>\n<p>O <strong>GRUPO DURIT<\/strong> determina as pol\u00edticas transversais e aplic\u00e1veis em todas as empresas identificadas para os fins e os meios de tratamento dos dados pessoais do utilizador e subscreve um acordo em que se regulam as fun\u00e7\u00f5es e responsabilidades que s\u00e3o exigidas para cumprimento da legisla\u00e7\u00e3o sobre prote\u00e7\u00e3o de dados aplic\u00e1vel.<\/p>\n<p>Para contactar as sociedades acima identificadas para qualquer quest\u00e3o relacionada com a presente Pol\u00edtica de Cookies, o utilizador poder\u00e1 entrar em contacto para o e-mail <a href=\"mailto:dpo@grupodurit.pt\">dpo@grupodurit.pt<\/a>.<\/p>\n<p><\/p>\n<p>Saiba mais sobre o que s\u00e3o cookies e como os utilizamos.<\/p>\n<\/div>\n<\/div>\n<\/div>\t\t\t\t\t\t\t\t<\/div>\n\t\t\t\t<\/div>\n\t\t\t\t<div class=\"elementor-element elementor-element-6f5f177 elementor-widget elementor-widget-heading\" data-id=\"6f5f177\" data-element_type=\"widget\" data-e-type=\"widget\" data-widget_type=\"heading.default\">\n\t\t\t\t<div class=\"elementor-widget-container\">\n\t\t\t\t\t<h3 class=\"elementor-heading-title elementor-size-default\">O que s\u00e3o Cookies?<\/h3>\t\t\t\t<\/div>\n\t\t\t\t<\/div>\n\t\t\t\t<div class=\"elementor-element elementor-element-441a6ee elementor-widget elementor-widget-text-editor\" data-id=\"441a6ee\" data-element_type=\"widget\" data-e-type=\"widget\" data-widget_type=\"text-editor.default\">\n\t\t\t\t<div class=\"elementor-widget-container\">\n\t\t\t\t\t\t\t\t\t<p>&#8220;Cookies&#8221; s\u00e3o pequenos ficheiros de texto que s\u00e3o armazenados no seu computador ou no seu dispositivo m\u00f3vel atrav\u00e9s do navegador de internet (browser), retendo apenas informa\u00e7\u00e3o relacionada com as suas prefer\u00eancias, n\u00e3o incluindo, como tal, os seus dados pessoais. A coloca\u00e7\u00e3o de cookies ajudar\u00e1 as p\u00e1ginas web a reconhecer o seu dispositivo na pr\u00f3xima vez que o utilizador o visita.<\/p><p>Usamos o termo cookies nesta pol\u00edtica para referir todos os ficheiros que recolhem informa\u00e7\u00f5es desta forma.<\/p><p>Os cookies utilizados n\u00e3o recolhem informa\u00e7\u00e3o que identifica o utilizador. Os cookies recolhem informa\u00e7\u00f5es gen\u00e9ricas, designadamente a forma como os utilizadores chegam e utilizam as p\u00e1ginas web ou a zona do pa\u00eds\/pa\u00edses atrav\u00e9s do qual acedem \u00e0s p\u00e1ginas web, etc.<\/p><p>Os cookies ret\u00eam apenas informa\u00e7\u00e3o relacionada com as suas prefer\u00eancias. A qualquer momento o utilizador pode, atrav\u00e9s do seu navegador de internet (browser) decidir ser notificado sobre a rece\u00e7\u00e3o de cookies, bem como bloquear a respetiva entrada no seu sistema.<\/p><p>A recusa de uso de cookies nas p\u00e1ginas web, pode resultar na impossibilidade de ter acesso a algumas das suas \u00e1reas ou de receber informa\u00e7\u00e3o personalizada.<\/p>\t\t\t\t\t\t\t\t<\/div>\n\t\t\t\t<\/div>\n\t\t\t\t<div class=\"elementor-element elementor-element-84aa354 elementor-widget elementor-widget-heading\" data-id=\"84aa354\" data-element_type=\"widget\" data-e-type=\"widget\" data-widget_type=\"heading.default\">\n\t\t\t\t<div class=\"elementor-widget-container\">\n\t\t\t\t\t<h3 class=\"elementor-heading-title elementor-size-default\">Para que servem os Cookies?<\/h3>\t\t\t\t<\/div>\n\t\t\t\t<\/div>\n\t\t\t\t<div class=\"elementor-element elementor-element-dc6154f elementor-widget elementor-widget-text-editor\" data-id=\"dc6154f\" data-element_type=\"widget\" data-e-type=\"widget\" data-widget_type=\"text-editor.default\">\n\t\t\t\t<div class=\"elementor-widget-container\">\n\t\t\t\t\t\t\t\t\t<p>Os cookies servem para ajudar a determinar a utilidade, interesse e o n\u00famero de utiliza\u00e7\u00f5es das suas p\u00e1ginas web, permitindo uma navega\u00e7\u00e3o mais r\u00e1pida e eficiente, eliminando a necessidade de introduzir repetidamente as mesmas informa\u00e7\u00f5es.<\/p>\t\t\t\t\t\t\t\t<\/div>\n\t\t\t\t<\/div>\n\t\t\t\t<div class=\"elementor-element elementor-element-e6d12eb elementor-widget elementor-widget-heading\" data-id=\"e6d12eb\" data-element_type=\"widget\" data-e-type=\"widget\" data-widget_type=\"heading.default\">\n\t\t\t\t<div class=\"elementor-widget-container\">\n\t\t\t\t\t<h3 class=\"elementor-heading-title elementor-size-default\">Os Cookies podem ser:<\/h3>\t\t\t\t<\/div>\n\t\t\t\t<\/div>\n\t\t\t\t<div class=\"elementor-element elementor-element-2b74aed elementor-widget elementor-widget-text-editor\" data-id=\"2b74aed\" data-element_type=\"widget\" data-e-type=\"widget\" data-widget_type=\"text-editor.default\">\n\t\t\t\t<div class=\"elementor-widget-container\">\n\t\t\t\t\t\t\t\t\t<p>Cookies Permanentes &#8211; Ficam armazenados, por tempo vari\u00e1vel, ao n\u00edvel do navegador de internet (browser) nos seus dispositivos de acesso (desktop, mobile e tablet) e s\u00e3o utilizados sempre que o utilizador faz uma nova visita \u00e0s p\u00e1ginas web. Geralmente s\u00e3o utilizados para direcionar a navega\u00e7\u00e3o de acordo com os interesses do utilizador, permitindo-nos prestar um servi\u00e7o mais personalizado.<\/p><p>Cookies de Sess\u00e3o &#8211; S\u00e3o tempor\u00e1rios, permanecem nos cookies do seu navegador de internet (browser) at\u00e9 sair das p\u00e1ginas web. A informa\u00e7\u00e3o obtida permite identificar problemas e fornecer uma melhor experi\u00eancia de navega\u00e7\u00e3o.<\/p>\t\t\t\t\t\t\t\t<\/div>\n\t\t\t\t<\/div>\n\t\t\t\t<div class=\"elementor-element elementor-element-2aa6e85 elementor-widget elementor-widget-heading\" data-id=\"2aa6e85\" data-element_type=\"widget\" data-e-type=\"widget\" data-widget_type=\"heading.default\">\n\t\t\t\t<div class=\"elementor-widget-container\">\n\t\t\t\t\t<h3 class=\"elementor-heading-title elementor-size-default\">Como gerir os Cookies?<\/h3>\t\t\t\t<\/div>\n\t\t\t\t<\/div>\n\t\t\t\t<div class=\"elementor-element elementor-element-9b517b0 elementor-widget elementor-widget-text-editor\" data-id=\"9b517b0\" data-element_type=\"widget\" data-e-type=\"widget\" data-widget_type=\"text-editor.default\">\n\t\t\t\t<div class=\"elementor-widget-container\">\n\t\t\t\t\t\t\t\t\t<p>Todos os navegadores de internet (browsers) permitem ao utilizador aceitar, recusar ou apagar cookies, nomeadamente atrav\u00e9s da sele\u00e7\u00e3o das defini\u00e7\u00f5es apropriadas no respetivo navegador de internet (browser).<\/p><p>Depois de autorizar o uso de cookies, o utilizador pode sempre desativar parte ou a totalidade dos nossos cookies. Para o efeito, o utilizador deve seguir as seguintes instru\u00e7\u00f5es, tendo em conta o navegador de internet utilizado:<\/p><p>Internet Explorer &#8211; http:\/\/windows.microsoft.com\/pt-PT\/windows-vista\/Block-or-allow-cookies<\/p><p>Mozilla Firefox http:\/\/support.mozilla.org\/pt-PT\/kb\/Activar%20e%20Desactivar%20cookies?redirectlocale=en- US&amp;redirectslug=Enabling+and+disabling+cookiesMozilla Firefox<\/p><p>Chrome &#8211; http:\/\/support.google.com\/chrome\/bin\/answer.py?hl=pt&amp;answer=95647&amp;topic=14666&amp;ctx=topic<\/p><p>Safari Web e IOS &#8211; http:\/\/support.apple.com\/kb\/HT1677?viewlocale=pt_PT<\/p><p>Outros navegadores de internet (browser)- Por favor, procure no menu &#8220;ajuda&#8221; do navegador de internet (browser) ou contacte o fornecedor do navegador de internet (browser).<\/p><p>NOTA: Recordamos que ao desativar os cookies, partes das nossas p\u00e1ginas web podem n\u00e3o funcionar corretamente.<\/p>\t\t\t\t\t\t\t\t<\/div>\n\t\t\t\t<\/div>\n\t\t\t\t<div class=\"elementor-element elementor-element-b92b189 elementor-widget elementor-widget-heading\" data-id=\"b92b189\" data-element_type=\"widget\" data-e-type=\"widget\" data-widget_type=\"heading.default\">\n\t\t\t\t<div class=\"elementor-widget-container\">\n\t\t\t\t\t<h3 class=\"elementor-heading-title elementor-size-default\">Links<\/h3>\t\t\t\t<\/div>\n\t\t\t\t<\/div>\n\t\t\t\t<div class=\"elementor-element elementor-element-0c623a6 elementor-widget elementor-widget-text-editor\" data-id=\"0c623a6\" data-element_type=\"widget\" data-e-type=\"widget\" data-widget_type=\"text-editor.default\">\n\t\t\t\t<div class=\"elementor-widget-container\">\n\t\t\t\t\t\t\t\t\t<p>Para obter mais informa\u00e7\u00f5es sobre cookies e a respetiva utiliza\u00e7\u00e3o, sugerimos que consulte mais informa\u00e7\u00e3o (em vers\u00e3o inglesa):<\/p><p><span style=\"text-decoration: underline;\"><a href=\"http:\/\/www.allaboutcookies.org\">www.allaboutcookies.org<\/a><\/span><\/p>\t\t\t\t\t\t\t\t<\/div>\n\t\t\t\t<\/div>\n\t\t\t\t\t<\/div>\n\t\t<\/div>\n\t\t\t\t\t<\/div>\n\t\t<\/section>\n\t\t\t\t\t<\/div>\n\t\t<\/div>\n\t\t\t\t\t<\/div>\n\t\t<\/section>\n\t\t\t\t<\/div>","protected":false},"excerpt":{"rendered":"<p>Find out how we manage cookies<\/p>","protected":false},"author":1,"featured_media":0,"parent":0,"menu_order":0,"comment_status":"closed","ping_status":"closed","template":"","meta":{"_acf_changed":false,"footnotes":""},"class_list":["post-988167","page","type-page","status-publish","hentry"],"acf":[],"yoast_head":"<!-- This site is optimized with the Yoast SEO plugin v27.0 - https:\/\/yoast.com\/product\/yoast-seo-wordpress\/ -->\n<title>Pol\u00edtica de Cookies - GRUPODURIT SGPS<\/title>\n<meta name=\"robots\" content=\"index, follow, max-snippet:-1, max-image-preview:large, max-video-preview:-1\" \/>\n<link rel=\"canonical\" href=\"https:\/\/grupodurit.pt\/en\/politica-de-cookies\/\" \/>\n<meta property=\"og:locale\" content=\"en_GB\" \/>\n<meta property=\"og:type\" content=\"article\" \/>\n<meta property=\"og:title\" content=\"Pol\u00edtica de Cookies - GRUPODURIT SGPS\" \/>\n<meta property=\"og:description\" content=\"Saiba como gerimos os cookies\" \/>\n<meta property=\"og:url\" content=\"https:\/\/grupodurit.pt\/en\/politica-de-cookies\/\" \/>\n<meta property=\"og:site_name\" content=\"GRUPODURIT SGPS\" \/>\n<meta property=\"article:modified_time\" content=\"2024-03-08T17:31:16+00:00\" \/>\n<meta name=\"twitter:card\" content=\"summary_large_image\" \/>\n<meta name=\"twitter:label1\" content=\"Estimated reading time\" \/>\n\t<meta name=\"twitter:data1\" content=\"4 minutes\" \/>\n<script type=\"application\/ld+json\" class=\"yoast-schema-graph\">{\"@context\":\"https:\/\/schema.org\",\"@graph\":[{\"@type\":\"WebPage\",\"@id\":\"https:\/\/grupodurit.pt\/politica-de-cookies\/\",\"url\":\"https:\/\/grupodurit.pt\/politica-de-cookies\/\",\"name\":\"Pol\u00edtica de Cookies - GRUPODURIT SGPS\",\"isPartOf\":{\"@id\":\"https:\/\/grupodurit.pt\/#website\"},\"datePublished\":\"2023-12-05T15:41:07+00:00\",\"dateModified\":\"2024-03-08T17:31:16+00:00\",\"breadcrumb\":{\"@id\":\"https:\/\/grupodurit.pt\/politica-de-cookies\/#breadcrumb\"},\"inLanguage\":\"en-GB\",\"potentialAction\":[{\"@type\":\"ReadAction\",\"target\":[\"https:\/\/grupodurit.pt\/politica-de-cookies\/\"]}]},{\"@type\":\"BreadcrumbList\",\"@id\":\"https:\/\/grupodurit.pt\/politica-de-cookies\/#breadcrumb\",\"itemListElement\":[{\"@type\":\"ListItem\",\"position\":1,\"name\":\"Home\",\"item\":\"https:\/\/grupodurit.pt\/\"},{\"@type\":\"ListItem\",\"position\":2,\"name\":\"Pol\u00edtica de Cookies\"}]},{\"@type\":\"WebSite\",\"@id\":\"https:\/\/grupodurit.pt\/#website\",\"url\":\"https:\/\/grupodurit.pt\/\",\"name\":\"GRUPODURIT SGPS\",\"description\":\"\",\"publisher\":{\"@id\":\"https:\/\/grupodurit.pt\/#organization\"},\"potentialAction\":[{\"@type\":\"SearchAction\",\"target\":{\"@type\":\"EntryPoint\",\"urlTemplate\":\"https:\/\/grupodurit.pt\/?s={search_term_string}\"},\"query-input\":{\"@type\":\"PropertyValueSpecification\",\"valueRequired\":true,\"valueName\":\"search_term_string\"}}],\"inLanguage\":\"en-GB\"},{\"@type\":\"Organization\",\"@id\":\"https:\/\/grupodurit.pt\/#organization\",\"name\":\"GRUPODURIT SGPS\",\"url\":\"https:\/\/grupodurit.pt\/\",\"logo\":{\"@type\":\"ImageObject\",\"inLanguage\":\"en-GB\",\"@id\":\"https:\/\/grupodurit.pt\/#\/schema\/logo\/image\/\",\"url\":\"https:\/\/grupodurit.pt\/wp-content\/uploads\/2023\/06\/logo_gdurit.png\",\"contentUrl\":\"https:\/\/grupodurit.pt\/wp-content\/uploads\/2023\/06\/logo_gdurit.png\",\"width\":486,\"height\":88,\"caption\":\"GRUPODURIT SGPS\"},\"image\":{\"@id\":\"https:\/\/grupodurit.pt\/#\/schema\/logo\/image\/\"}}]}<\/script>\n<!-- \/ Yoast SEO plugin. -->","yoast_head_json":{"title":"Cookie Policy - GRUPODURIT SGPS","robots":{"index":"index","follow":"follow","max-snippet":"max-snippet:-1","max-image-preview":"max-image-preview:large","max-video-preview":"max-video-preview:-1"},"canonical":"https:\/\/grupodurit.pt\/en\/politica-de-cookies\/","og_locale":"en_GB","og_type":"article","og_title":"Pol\u00edtica de Cookies - GRUPODURIT SGPS","og_description":"Saiba como gerimos os cookies","og_url":"https:\/\/grupodurit.pt\/en\/politica-de-cookies\/","og_site_name":"GRUPODURIT SGPS","article_modified_time":"2024-03-08T17:31:16+00:00","twitter_card":"summary_large_image","twitter_misc":{"Estimated reading time":"4 minutes"},"schema":{"@context":"https:\/\/schema.org","@graph":[{"@type":"WebPage","@id":"https:\/\/grupodurit.pt\/politica-de-cookies\/","url":"https:\/\/grupodurit.pt\/politica-de-cookies\/","name":"Cookie Policy - GRUPODURIT SGPS","isPartOf":{"@id":"https:\/\/grupodurit.pt\/#website"},"datePublished":"2023-12-05T15:41:07+00:00","dateModified":"2024-03-08T17:31:16+00:00","breadcrumb":{"@id":"https:\/\/grupodurit.pt\/politica-de-cookies\/#breadcrumb"},"inLanguage":"en-GB","potentialAction":[{"@type":"ReadAction","target":["https:\/\/grupodurit.pt\/politica-de-cookies\/"]}]},{"@type":"BreadcrumbList","@id":"https:\/\/grupodurit.pt\/politica-de-cookies\/#breadcrumb","itemListElement":[{"@type":"ListItem","position":1,"name":"Home","item":"https:\/\/grupodurit.pt\/"},{"@type":"ListItem","position":2,"name":"Pol\u00edtica de Cookies"}]},{"@type":"WebSite","@id":"https:\/\/grupodurit.pt\/#website","url":"https:\/\/grupodurit.pt\/","name":"GRUPODURIT SGPS","description":"","publisher":{"@id":"https:\/\/grupodurit.pt\/#organization"},"potentialAction":[{"@type":"SearchAction","target":{"@type":"EntryPoint","urlTemplate":"https:\/\/grupodurit.pt\/?s={search_term_string}"},"query-input":{"@type":"PropertyValueSpecification","valueRequired":true,"valueName":"search_term_string"}}],"inLanguage":"en-GB"},{"@type":"Organization","@id":"https:\/\/grupodurit.pt\/#organization","name":"GRUPODURIT SGPS","url":"https:\/\/grupodurit.pt\/","logo":{"@type":"ImageObject","inLanguage":"en-GB","@id":"https:\/\/grupodurit.pt\/#\/schema\/logo\/image\/","url":"https:\/\/grupodurit.pt\/wp-content\/uploads\/2023\/06\/logo_gdurit.png","contentUrl":"https:\/\/grupodurit.pt\/wp-content\/uploads\/2023\/06\/logo_gdurit.png","width":486,"height":88,"caption":"GRUPODURIT SGPS"},"image":{"@id":"https:\/\/grupodurit.pt\/#\/schema\/logo\/image\/"}}]}},"_links":{"self":[{"href":"https:\/\/grupodurit.pt\/en\/wp-json\/wp\/v2\/pages\/988167","targetHints":{"allow":["GET"]}}],"collection":[{"href":"https:\/\/grupodurit.pt\/en\/wp-json\/wp\/v2\/pages"}],"about":[{"href":"https:\/\/grupodurit.pt\/en\/wp-json\/wp\/v2\/types\/page"}],"author":[{"embeddable":true,"href":"https:\/\/grupodurit.pt\/en\/wp-json\/wp\/v2\/users\/1"}],"replies":[{"embeddable":true,"href":"https:\/\/grupodurit.pt\/en\/wp-json\/wp\/v2\/comments?post=988167"}],"version-history":[{"count":6,"href":"https:\/\/grupodurit.pt\/en\/wp-json\/wp\/v2\/pages\/988167\/revisions"}],"predecessor-version":[{"id":988943,"href":"https:\/\/grupodurit.pt\/en\/wp-json\/wp\/v2\/pages\/988167\/revisions\/988943"}],"wp:attachment":[{"href":"https:\/\/grupodurit.pt\/en\/wp-json\/wp\/v2\/media?parent=988167"}],"curies":[{"name":"wp","href":"https:\/\/api.w.org\/{rel}","templated":true}]}}